{"id":177,"date":"2014-06-05T11:06:00","date_gmt":"2014-06-05T11:06:00","guid":{"rendered":"http:\/\/ajesoria.es\/index2.php\/?page_id=177"},"modified":"2014-06-05T18:26:35","modified_gmt":"2014-06-05T18:26:35","slug":"requisitos","status":"publish","type":"page","link":"https:\/\/ajesoria.es\/?page_id=177","title":{"rendered":"Requisitos"},"content":{"rendered":"<p>Para entrar dentro de la Asociaci\u00f3n de J\u00f3venes Empresarios hay que cumplir os siguientes requisitos:<\/p>\n<ul>\n<li>Ser menor de 41 a\u00f1os<\/li>\n<li>Tener la empresa ubicada en la provincia de Soria.<\/li>\n<li>Pertenecer a FOES<\/li>\n<\/ul>\n<p>&nbsp;<\/p>\n<p>Si cumples estos requisitos y quieres formar parte de AJE Soria, puedes ponerte en contacto con nosotros o rellena el bolet\u00edn de inscripci\u00f3n online para que nos pongamos en contacto contigo.<\/p>\n<p>&nbsp;<\/p>\n<p>&nbsp;<\/p>\n<p>&nbsp;<\/p>\n","protected":false},"excerpt":{"rendered":"<p>Para entrar dentro de la Asociaci\u00f3n de J\u00f3venes Empresarios hay que cumplir os siguientes requisitos: Ser menor de 41 a\u00f1os Tener la empresa ubicada en la provincia de Soria. Pertenecer a FOES &nbsp; Si cumples estos requisitos y quieres formar parte de AJE Soria, puedes ponerte en contacto con nosotros o rellena el bolet\u00edn de [&hellip;]<\/p>\n","protected":false},"author":1,"featured_media":0,"parent":0,"menu_order":0,"comment_status":"closed","ping_status":"open","template":"","meta":{"_monsterinsights_skip_tracking":false,"_monsterinsights_sitenote_active":false,"_monsterinsights_sitenote_note":"","_monsterinsights_sitenote_category":0,"footnotes":""},"class_list":["post-177","page","type-page","status-publish","hentry"],"_links":{"self":[{"href":"https:\/\/ajesoria.es\/index.php?rest_route=\/wp\/v2\/pages\/177","targetHints":{"allow":["GET"]}}],"collection":[{"href":"https:\/\/ajesoria.es\/index.php?rest_route=\/wp\/v2\/pages"}],"about":[{"href":"https:\/\/ajesoria.es\/index.php?rest_route=\/wp\/v2\/types\/page"}],"author":[{"embeddable":true,"href":"https:\/\/ajesoria.es\/index.php?rest_route=\/wp\/v2\/users\/1"}],"replies":[{"embeddable":true,"href":"https:\/\/ajesoria.es\/index.php?rest_route=%2Fwp%2Fv2%2Fcomments&post=177"}],"version-history":[{"count":5,"href":"https:\/\/ajesoria.es\/index.php?rest_route=\/wp\/v2\/pages\/177\/revisions"}],"predecessor-version":[{"id":254,"href":"https:\/\/ajesoria.es\/index.php?rest_route=\/wp\/v2\/pages\/177\/revisions\/254"}],"wp:attachment":[{"href":"https:\/\/ajesoria.es\/index.php?rest_route=%2Fwp%2Fv2%2Fmedia&parent=177"}],"curies":[{"name":"wp","href":"https:\/\/api.w.org\/{rel}","templated":true}]}}